{"id":840,"date":"2017-11-02T16:59:51","date_gmt":"2017-11-02T14:59:51","guid":{"rendered":"https:\/\/ski.salla.fi\/fatbike\/"},"modified":"2025-12-15T16:23:29","modified_gmt":"2025-12-15T14:23:29","slug":"fatbike","status":"publish","type":"page","link":"https:\/\/ski.salla.fi\/en\/fatbike\/","title":{"rendered":"Fatbike rental and guided tours"},"content":{"rendered":"<h2>What e-fatbiking is all about?<\/h2>\n<p>Explore Mother Nature with our quality e-Fatbikes.<\/p>\n<p><strong>What is an electric Fatbiking?<\/strong><\/p>\n<p>Electric bikes give cyclists a helping hand \u2013 or push \u2013 to get them up and over hills. The small, almost hidden engines also make longer distances feel achievable.<\/p>\n<p>Electric bikes provide power on demand, responding to and complementing your pedaling speed and power. If you pedal hard, little battery power will be used. As you slow your pace, though, the electrical assistance kicks in and provides a welcome little boost!<\/p>\n<p>E-Fatbiking is very fun and relaxing way to enjoy nature. You\u2019ll get to see more of our beautiful landscapes in less time. We\u2019re certain you\u2019ll be smiling throughout your entire ride, even on the climbs!<\/p>\n<p>Book a bike from the Equipment Rental by email at vuokraamo@salla.fi or by calling +358405770645<\/p>\n<h3>E-Fatbike hire prices<\/h3>\n<ul>\n<li>1-3 h <strong>50\u00a0<\/strong>\u20ac \/ bike<\/li>\n<li>1 day <strong>75<\/strong> \u20ac \/ bike<\/li>\n<\/ul>\n<p>Included: electric Fatbike and helmet. The minimum length of the driver: 150cm<\/p>\n<h3>Fatbike hire prices<\/h3>\n<ul>\n<li>1-3 hours <strong>\u00a030<\/strong> \u20ac \/ bike<\/li>\n<li>1 day \u00a0 \u00a0 \u00a0 \u00a0 \u00a0<strong>50<\/strong> \u20ac\/ bike<\/li>\n<\/ul>\n<p>Included: Fatbike and helmet. The minimum length of the driver: 150cm.<\/p>\n<h2>Guided eFatbike tours<\/h2>\n<h3>Explore snowy wilderness with our quality eFatbikes<\/h3>\n<p>The most fun way to <span id=\"result_box\" class=\"short_text\" lang=\"en\"><span class=\"\">experience<\/span><\/span> snow covered forest in Sallatunturi winter wonderland!\u00a0Enjoy our beautiful arctic nature and experience some of the most attractive landscapes while riding through the snow covered woods.<\/p>\n<ul>\n<li>Duration: 2 hours<\/li>\n<li>Distance: 10+ km<\/li>\n<li>Price: \u00a0<strong>78<\/strong>\u00a0\u20ac \/ person<\/li>\n<li>Includes: guide service, fully charged e-fatbike and helmet<\/li>\n<\/ul>\n<p>Minimum length of the driver 150 cm.<\/p>\n<p>&nbsp;<\/p>\n<p>&nbsp;<\/p>\n","protected":false},"excerpt":{"rendered":"<p>What e-fatbiking is all about? Explore Mother Nature with our quality e-Fatbikes. What is an electric Fatbiking? Electric bikes give cyclists a helping hand \u2013 or push \u2013 to get them up and over hills. The small, almost hidden engines also make longer distances feel achievable. Electric bikes provide power on demand, responding to and [&hellip;]<\/p>\n","protected":false},"author":1,"featured_media":5198,"parent":0,"menu_order":0,"comment_status":"closed","ping_status":"closed","template":"template-subnavigation.php","meta":{"content-type":"","footnotes":""},"class_list":["post-840","page","type-page","status-publish","has-post-thumbnail","hentry"],"acf":[],"yoast_head":"<!-- This site is optimized with the Yoast SEO plugin v27.4 - https:\/\/yoast.com\/product\/yoast-seo-wordpress\/ -->\n<title>Fatbike rental and guided tours - Salla Ski Resort<\/title>\n<meta name=\"description\" content=\"What e-fatbiking is all about? Explore Mother Nature with our quality e-Fatbikes. What is an electric Fatbiking? Electric bikes give cyclists a helping\" \/>\n<meta name=\"robots\" content=\"index, follow, max-snippet:-1, max-image-preview:large, max-video-preview:-1\" \/>\n<link rel=\"canonical\" href=\"https:\/\/ski.salla.fi\/en\/fatbike\/\" \/>\n<meta property=\"og:locale\" content=\"en_US\" \/>\n<meta property=\"og:type\" content=\"article\" \/>\n<meta property=\"og:title\" content=\"Fatbike rental and guided tours - Salla Ski Resort\" \/>\n<meta property=\"og:description\" content=\"What e-fatbiking is all about? Explore Mother Nature with our quality e-Fatbikes. What is an electric Fatbiking? Electric bikes give cyclists a helping\" \/>\n<meta property=\"og:url\" content=\"https:\/\/ski.salla.fi\/en\/fatbike\/\" \/>\n<meta property=\"og:site_name\" content=\"Salla Ski Resort\" \/>\n<meta property=\"article:publisher\" content=\"https:\/\/www.facebook.com\/sallaskiresort\" \/>\n<meta property=\"article:modified_time\" content=\"2025-12-15T14:23:29+00:00\" \/>\n<meta property=\"og:image\" content=\"https:\/\/ski.salla.fi\/wp-content\/uploads\/2022\/01\/Salla_2021_5901-1024x683.jpg\" \/>\n\t<meta property=\"og:image:width\" content=\"1024\" \/>\n\t<meta property=\"og:image:height\" content=\"683\" \/>\n\t<meta property=\"og:image:type\" content=\"image\/jpeg\" \/>\n<meta name=\"twitter:card\" content=\"summary_large_image\" \/>\n<meta name=\"twitter:label1\" content=\"Est. reading time\" \/>\n\t<meta name=\"twitter:data1\" content=\"2 minutes\" \/>\n<script type=\"application\/ld+json\" class=\"yoast-schema-graph\">{\"@context\":\"https:\\\/\\\/schema.org\",\"@graph\":[{\"@type\":\"WebPage\",\"@id\":\"https:\\\/\\\/ski.salla.fi\\\/en\\\/fatbike\\\/\",\"url\":\"https:\\\/\\\/ski.salla.fi\\\/en\\\/fatbike\\\/\",\"name\":\"Fatbike rental and guided tours - Salla Ski Resort\",\"isPartOf\":{\"@id\":\"https:\\\/\\\/ski.salla.fi\\\/#website\"},\"primaryImageOfPage\":{\"@id\":\"https:\\\/\\\/ski.salla.fi\\\/en\\\/fatbike\\\/#primaryimage\"},\"image\":{\"@id\":\"https:\\\/\\\/ski.salla.fi\\\/en\\\/fatbike\\\/#primaryimage\"},\"thumbnailUrl\":\"https:\\\/\\\/ski.salla.fi\\\/wp-content\\\/uploads\\\/2022\\\/01\\\/Salla_2021_5901.jpg\",\"datePublished\":\"2017-11-02T14:59:51+00:00\",\"dateModified\":\"2025-12-15T14:23:29+00:00\",\"description\":\"What e-fatbiking is all about? Explore Mother Nature with our quality e-Fatbikes. What is an electric Fatbiking? Electric bikes give cyclists a helping\",\"breadcrumb\":{\"@id\":\"https:\\\/\\\/ski.salla.fi\\\/en\\\/fatbike\\\/#breadcrumb\"},\"inLanguage\":\"en-US\",\"potentialAction\":[{\"@type\":\"ReadAction\",\"target\":[\"https:\\\/\\\/ski.salla.fi\\\/en\\\/fatbike\\\/\"]}]},{\"@type\":\"ImageObject\",\"inLanguage\":\"en-US\",\"@id\":\"https:\\\/\\\/ski.salla.fi\\\/en\\\/fatbike\\\/#primaryimage\",\"url\":\"https:\\\/\\\/ski.salla.fi\\\/wp-content\\\/uploads\\\/2022\\\/01\\\/Salla_2021_5901.jpg\",\"contentUrl\":\"https:\\\/\\\/ski.salla.fi\\\/wp-content\\\/uploads\\\/2022\\\/01\\\/Salla_2021_5901.jpg\",\"width\":8256,\"height\":5504,\"caption\":\"Sallan Hiihtokeskus tarjoaa talvipy\u00f6r\u00e4ily\u00e4 s\u00e4hk\u00f6avusteisella Tunturin eFatbike-py\u00f6r\u00e4ll\u00e4 Sallan kansallispuistossa.\"},{\"@type\":\"BreadcrumbList\",\"@id\":\"https:\\\/\\\/ski.salla.fi\\\/en\\\/fatbike\\\/#breadcrumb\",\"itemListElement\":[{\"@type\":\"ListItem\",\"position\":1,\"name\":\"Home\",\"item\":\"https:\\\/\\\/ski.salla.fi\\\/en\\\/\"},{\"@type\":\"ListItem\",\"position\":2,\"name\":\"Fatbike rental and guided tours\"}]},{\"@type\":\"WebSite\",\"@id\":\"https:\\\/\\\/ski.salla.fi\\\/#website\",\"url\":\"https:\\\/\\\/ski.salla.fi\\\/\",\"name\":\"Salla Ski Resort\",\"description\":\"\",\"publisher\":{\"@id\":\"https:\\\/\\\/ski.salla.fi\\\/#organization\"},\"potentialAction\":[{\"@type\":\"SearchAction\",\"target\":{\"@type\":\"EntryPoint\",\"urlTemplate\":\"https:\\\/\\\/ski.salla.fi\\\/?s={search_term_string}\"},\"query-input\":{\"@type\":\"PropertyValueSpecification\",\"valueRequired\":true,\"valueName\":\"search_term_string\"}}],\"inLanguage\":\"en-US\"},{\"@type\":\"Organization\",\"@id\":\"https:\\\/\\\/ski.salla.fi\\\/#organization\",\"name\":\"Salla Ski Resort\",\"url\":\"https:\\\/\\\/ski.salla.fi\\\/\",\"logo\":{\"@type\":\"ImageObject\",\"inLanguage\":\"en-US\",\"@id\":\"https:\\\/\\\/ski.salla.fi\\\/#\\\/schema\\\/logo\\\/image\\\/\",\"url\":\"https:\\\/\\\/ski.salla.fi\\\/wp-content\\\/uploads\\\/2018\\\/12\\\/Salla_uusi_tumma.png\",\"contentUrl\":\"https:\\\/\\\/ski.salla.fi\\\/wp-content\\\/uploads\\\/2018\\\/12\\\/Salla_uusi_tumma.png\",\"width\":674,\"height\":363,\"caption\":\"Salla Ski Resort\"},\"image\":{\"@id\":\"https:\\\/\\\/ski.salla.fi\\\/#\\\/schema\\\/logo\\\/image\\\/\"},\"sameAs\":[\"https:\\\/\\\/www.facebook.com\\\/sallaskiresort\",\"https:\\\/\\\/www.instagram.com\\\/sallaskiresort\\\/\",\"https:\\\/\\\/www.youtube.com\\\/channel\\\/UCz94nt8pSDnQHFtCOdUGfrg\"]}]}<\/script>\n<!-- \/ Yoast SEO plugin. -->","yoast_head_json":{"title":"Fatbike rental and guided tours - Salla Ski Resort","description":"What e-fatbiking is all about? Explore Mother Nature with our quality e-Fatbikes. What is an electric Fatbiking? Electric bikes give cyclists a helping","robots":{"index":"index","follow":"follow","max-snippet":"max-snippet:-1","max-image-preview":"max-image-preview:large","max-video-preview":"max-video-preview:-1"},"canonical":"https:\/\/ski.salla.fi\/en\/fatbike\/","og_locale":"en_US","og_type":"article","og_title":"Fatbike rental and guided tours - Salla Ski Resort","og_description":"What e-fatbiking is all about? Explore Mother Nature with our quality e-Fatbikes. What is an electric Fatbiking? Electric bikes give cyclists a helping","og_url":"https:\/\/ski.salla.fi\/en\/fatbike\/","og_site_name":"Salla Ski Resort","article_publisher":"https:\/\/www.facebook.com\/sallaskiresort","article_modified_time":"2025-12-15T14:23:29+00:00","og_image":[{"width":1024,"height":683,"url":"https:\/\/ski.salla.fi\/wp-content\/uploads\/2022\/01\/Salla_2021_5901-1024x683.jpg","type":"image\/jpeg"}],"twitter_card":"summary_large_image","twitter_misc":{"Est. reading time":"2 minutes"},"schema":{"@context":"https:\/\/schema.org","@graph":[{"@type":"WebPage","@id":"https:\/\/ski.salla.fi\/en\/fatbike\/","url":"https:\/\/ski.salla.fi\/en\/fatbike\/","name":"Fatbike rental and guided tours - Salla Ski Resort","isPartOf":{"@id":"https:\/\/ski.salla.fi\/#website"},"primaryImageOfPage":{"@id":"https:\/\/ski.salla.fi\/en\/fatbike\/#primaryimage"},"image":{"@id":"https:\/\/ski.salla.fi\/en\/fatbike\/#primaryimage"},"thumbnailUrl":"https:\/\/ski.salla.fi\/wp-content\/uploads\/2022\/01\/Salla_2021_5901.jpg","datePublished":"2017-11-02T14:59:51+00:00","dateModified":"2025-12-15T14:23:29+00:00","description":"What e-fatbiking is all about? Explore Mother Nature with our quality e-Fatbikes. What is an electric Fatbiking? Electric bikes give cyclists a helping","breadcrumb":{"@id":"https:\/\/ski.salla.fi\/en\/fatbike\/#breadcrumb"},"inLanguage":"en-US","potentialAction":[{"@type":"ReadAction","target":["https:\/\/ski.salla.fi\/en\/fatbike\/"]}]},{"@type":"ImageObject","inLanguage":"en-US","@id":"https:\/\/ski.salla.fi\/en\/fatbike\/#primaryimage","url":"https:\/\/ski.salla.fi\/wp-content\/uploads\/2022\/01\/Salla_2021_5901.jpg","contentUrl":"https:\/\/ski.salla.fi\/wp-content\/uploads\/2022\/01\/Salla_2021_5901.jpg","width":8256,"height":5504,"caption":"Sallan Hiihtokeskus tarjoaa talvipy\u00f6r\u00e4ily\u00e4 s\u00e4hk\u00f6avusteisella Tunturin eFatbike-py\u00f6r\u00e4ll\u00e4 Sallan kansallispuistossa."},{"@type":"BreadcrumbList","@id":"https:\/\/ski.salla.fi\/en\/fatbike\/#breadcrumb","itemListElement":[{"@type":"ListItem","position":1,"name":"Home","item":"https:\/\/ski.salla.fi\/en\/"},{"@type":"ListItem","position":2,"name":"Fatbike rental and guided tours"}]},{"@type":"WebSite","@id":"https:\/\/ski.salla.fi\/#website","url":"https:\/\/ski.salla.fi\/","name":"Salla Ski Resort","description":"","publisher":{"@id":"https:\/\/ski.salla.fi\/#organization"},"potentialAction":[{"@type":"SearchAction","target":{"@type":"EntryPoint","urlTemplate":"https:\/\/ski.salla.fi\/?s={search_term_string}"},"query-input":{"@type":"PropertyValueSpecification","valueRequired":true,"valueName":"search_term_string"}}],"inLanguage":"en-US"},{"@type":"Organization","@id":"https:\/\/ski.salla.fi\/#organization","name":"Salla Ski Resort","url":"https:\/\/ski.salla.fi\/","logo":{"@type":"ImageObject","inLanguage":"en-US","@id":"https:\/\/ski.salla.fi\/#\/schema\/logo\/image\/","url":"https:\/\/ski.salla.fi\/wp-content\/uploads\/2018\/12\/Salla_uusi_tumma.png","contentUrl":"https:\/\/ski.salla.fi\/wp-content\/uploads\/2018\/12\/Salla_uusi_tumma.png","width":674,"height":363,"caption":"Salla Ski Resort"},"image":{"@id":"https:\/\/ski.salla.fi\/#\/schema\/logo\/image\/"},"sameAs":["https:\/\/www.facebook.com\/sallaskiresort","https:\/\/www.instagram.com\/sallaskiresort\/","https:\/\/www.youtube.com\/channel\/UCz94nt8pSDnQHFtCOdUGfrg"]}]}},"_links":{"self":[{"href":"https:\/\/ski.salla.fi\/en\/wp-json\/wp\/v2\/pages\/840","targetHints":{"allow":["GET"]}}],"collection":[{"href":"https:\/\/ski.salla.fi\/en\/wp-json\/wp\/v2\/pages"}],"about":[{"href":"https:\/\/ski.salla.fi\/en\/wp-json\/wp\/v2\/types\/page"}],"author":[{"embeddable":true,"href":"https:\/\/ski.salla.fi\/en\/wp-json\/wp\/v2\/users\/1"}],"replies":[{"embeddable":true,"href":"https:\/\/ski.salla.fi\/en\/wp-json\/wp\/v2\/comments?post=840"}],"version-history":[{"count":21,"href":"https:\/\/ski.salla.fi\/en\/wp-json\/wp\/v2\/pages\/840\/revisions"}],"predecessor-version":[{"id":7702,"href":"https:\/\/ski.salla.fi\/en\/wp-json\/wp\/v2\/pages\/840\/revisions\/7702"}],"wp:featuredmedia":[{"embeddable":true,"href":"https:\/\/ski.salla.fi\/en\/wp-json\/wp\/v2\/media\/5198"}],"wp:attachment":[{"href":"https:\/\/ski.salla.fi\/en\/wp-json\/wp\/v2\/media?parent=840"}],"curies":[{"name":"wp","href":"https:\/\/api.w.org\/{rel}","templated":true}]}}