{"id":842,"date":"2017-11-02T17:35:32","date_gmt":"2017-11-02T15:35:32","guid":{"rendered":"https:\/\/ski.salla.fi\/ajankohtaista-sallassa\/"},"modified":"2026-03-10T10:20:56","modified_gmt":"2026-03-10T08:20:56","slug":"events-and-weekly-programme","status":"publish","type":"page","link":"https:\/\/ski.salla.fi\/en\/events-and-weekly-programme\/","title":{"rendered":"Events and weekly program"},"content":{"rendered":"<h2>Weekly challenges, just for fun<\/h2>\n<h4 dir=\"auto\">Weekly races on season week 8, 9, 10 &amp; Easter:<\/h4>\n<div dir=\"auto\"><span class=\"x3nfvp2 x1j61x8r x1fcty0u xdj266r xhhsvwb xat24cr xgzva0m xxymvpz xlup9mm x1kky2od\"><img loading=\"lazy\" decoding=\"async\" src=\"https:\/\/static.xx.fbcdn.net\/images\/emoji.php\/v9\/tb6\/3\/16\/2b50.png\" alt=\"\u2b50\ufe0f\" width=\"16\" height=\"16\" \/><\/span> Tuesday: at 1 pm a playful sledding race for the whole family, on the front slope sledding hill.<\/div>\n<div dir=\"auto\"><span class=\"x3nfvp2 x1j61x8r x1fcty0u xdj266r xhhsvwb xat24cr xgzva0m xxymvpz xlup9mm x1kky2od\"><img loading=\"lazy\" decoding=\"async\" src=\"https:\/\/static.xx.fbcdn.net\/images\/emoji.php\/v9\/tb6\/3\/16\/2b50.png\" alt=\"\u2b50\ufe0f\" width=\"16\" height=\"16\" \/><\/span> Wednesday: at 1 pm children&#8217;s slalom race, family slope.<\/div>\n<div dir=\"auto\"><span class=\"x3nfvp2 x1j61x8r x1fcty0u xdj266r xhhsvwb xat24cr xgzva0m xxymvpz xlup9mm x1kky2od\"><img loading=\"lazy\" decoding=\"async\" src=\"https:\/\/static.xx.fbcdn.net\/images\/emoji.php\/v9\/tb6\/3\/16\/2b50.png\" alt=\"\u2b50\ufe0f\" width=\"16\" height=\"16\" \/><\/span> Thursday: at 1 pm Stiga-race, on the front slope sledding hill.<\/div>\n<div dir=\"auto\"><\/div>\n<p>&nbsp;<\/p>\n<h3>Sasu&#8217;s adventure route<\/h3>\n<p id=\"tw-target-text\" class=\"tw-data-text tw-text-large tw-ta\" dir=\"ltr\" data-placeholder=\"K\u00e4\u00e4nn\u00f6s\"><span class=\"Y2IQFc\" lang=\"en\">Take control of the forest by detecting animals! You can find up to 12 different animals on Sasu&#8217;s adventure route. The adventure route can be found on the left side of the eastern slopes as seen from the top of the hill.<\/span><\/p>\n<p>&nbsp;<\/p>\n<div class=\"page\" title=\"Page 1\">\n<div class=\"section\"><\/div>\n<\/div>\n<div class=\"page\" title=\"Page 1\">\n<div class=\"section\">\n<p>&nbsp;<\/p>\n<\/div>\n<\/div>\n","protected":false},"excerpt":{"rendered":"<p>Weekly challenges, just for fun Weekly races on season week 8, 9, 10 &amp; Easter: Tuesday: at 1 pm a playful sledding race for the whole family, on the front slope sledding hill. Wednesday: at 1 pm children&#8217;s slalom race, family slope. Thursday: at 1 pm Stiga-race, on the front slope sledding hill. &nbsp; Sasu&#8217;s [&hellip;]<\/p>\n","protected":false},"author":1,"featured_media":708,"parent":0,"menu_order":0,"comment_status":"closed","ping_status":"closed","template":"template-happenings.php","meta":{"content-type":"","footnotes":""},"class_list":["post-842","page","type-page","status-publish","has-post-thumbnail","hentry"],"acf":[],"yoast_head":"<!-- This site is optimized with the Yoast SEO plugin v27.3 - https:\/\/yoast.com\/product\/yoast-seo-wordpress\/ -->\n<title>Events and weekly program - Salla Ski Resort<\/title>\n<meta name=\"description\" content=\"Weekly challenges, just for fun Weekly races on season week 8, 9, 10 &amp; Easter: Tuesday: at 1 pm a playful sledding race for the whole family, on the\" \/>\n<meta name=\"robots\" content=\"index, follow, max-snippet:-1, max-image-preview:large, max-video-preview:-1\" \/>\n<link rel=\"canonical\" href=\"https:\/\/ski.salla.fi\/en\/events-and-weekly-programme\/\" \/>\n<meta property=\"og:locale\" content=\"en_US\" \/>\n<meta property=\"og:type\" content=\"article\" \/>\n<meta property=\"og:title\" content=\"Events and weekly program - Salla Ski Resort\" \/>\n<meta property=\"og:description\" content=\"Weekly challenges, just for fun Weekly races on season week 8, 9, 10 &amp; Easter: Tuesday: at 1 pm a playful sledding race for the whole family, on the\" \/>\n<meta property=\"og:url\" content=\"https:\/\/ski.salla.fi\/en\/events-and-weekly-programme\/\" \/>\n<meta property=\"og:site_name\" content=\"Salla Ski Resort\" \/>\n<meta property=\"article:publisher\" content=\"https:\/\/www.facebook.com\/sallaskiresort\" \/>\n<meta property=\"article:modified_time\" content=\"2026-03-10T08:20:56+00:00\" \/>\n<meta property=\"og:image\" content=\"https:\/\/ski.salla.fi\/wp-content\/uploads\/2017\/11\/ajankohtaista_sallassa.jpg\" \/>\n\t<meta property=\"og:image:width\" content=\"1920\" \/>\n\t<meta property=\"og:image:height\" content=\"560\" \/>\n\t<meta property=\"og:image:type\" content=\"image\/jpeg\" \/>\n<meta name=\"twitter:card\" content=\"summary_large_image\" \/>\n<meta name=\"twitter:label1\" content=\"Est. reading time\" \/>\n\t<meta name=\"twitter:data1\" content=\"2 minutes\" \/>\n<script type=\"application\/ld+json\" class=\"yoast-schema-graph\">{\"@context\":\"https:\\\/\\\/schema.org\",\"@graph\":[{\"@type\":\"WebPage\",\"@id\":\"https:\\\/\\\/ski.salla.fi\\\/en\\\/events-and-weekly-programme\\\/\",\"url\":\"https:\\\/\\\/ski.salla.fi\\\/en\\\/events-and-weekly-programme\\\/\",\"name\":\"Events and weekly program - Salla Ski Resort\",\"isPartOf\":{\"@id\":\"https:\\\/\\\/ski.salla.fi\\\/#website\"},\"primaryImageOfPage\":{\"@id\":\"https:\\\/\\\/ski.salla.fi\\\/en\\\/events-and-weekly-programme\\\/#primaryimage\"},\"image\":{\"@id\":\"https:\\\/\\\/ski.salla.fi\\\/en\\\/events-and-weekly-programme\\\/#primaryimage\"},\"thumbnailUrl\":\"https:\\\/\\\/ski.salla.fi\\\/wp-content\\\/uploads\\\/2017\\\/11\\\/ajankohtaista_sallassa.jpg\",\"datePublished\":\"2017-11-02T15:35:32+00:00\",\"dateModified\":\"2026-03-10T08:20:56+00:00\",\"description\":\"Weekly challenges, just for fun Weekly races on season week 8, 9, 10 &amp; Easter: Tuesday: at 1 pm a playful sledding race for the whole family, on the\",\"breadcrumb\":{\"@id\":\"https:\\\/\\\/ski.salla.fi\\\/en\\\/events-and-weekly-programme\\\/#breadcrumb\"},\"inLanguage\":\"en-US\",\"potentialAction\":[{\"@type\":\"ReadAction\",\"target\":[\"https:\\\/\\\/ski.salla.fi\\\/en\\\/events-and-weekly-programme\\\/\"]}]},{\"@type\":\"ImageObject\",\"inLanguage\":\"en-US\",\"@id\":\"https:\\\/\\\/ski.salla.fi\\\/en\\\/events-and-weekly-programme\\\/#primaryimage\",\"url\":\"https:\\\/\\\/ski.salla.fi\\\/wp-content\\\/uploads\\\/2017\\\/11\\\/ajankohtaista_sallassa.jpg\",\"contentUrl\":\"https:\\\/\\\/ski.salla.fi\\\/wp-content\\\/uploads\\\/2017\\\/11\\\/ajankohtaista_sallassa.jpg\",\"width\":1920,\"height\":560},{\"@type\":\"BreadcrumbList\",\"@id\":\"https:\\\/\\\/ski.salla.fi\\\/en\\\/events-and-weekly-programme\\\/#breadcrumb\",\"itemListElement\":[{\"@type\":\"ListItem\",\"position\":1,\"name\":\"Home\",\"item\":\"https:\\\/\\\/ski.salla.fi\\\/en\\\/\"},{\"@type\":\"ListItem\",\"position\":2,\"name\":\"Events and weekly program\"}]},{\"@type\":\"WebSite\",\"@id\":\"https:\\\/\\\/ski.salla.fi\\\/#website\",\"url\":\"https:\\\/\\\/ski.salla.fi\\\/\",\"name\":\"Salla Ski Resort\",\"description\":\"\",\"publisher\":{\"@id\":\"https:\\\/\\\/ski.salla.fi\\\/#organization\"},\"potentialAction\":[{\"@type\":\"SearchAction\",\"target\":{\"@type\":\"EntryPoint\",\"urlTemplate\":\"https:\\\/\\\/ski.salla.fi\\\/?s={search_term_string}\"},\"query-input\":{\"@type\":\"PropertyValueSpecification\",\"valueRequired\":true,\"valueName\":\"search_term_string\"}}],\"inLanguage\":\"en-US\"},{\"@type\":\"Organization\",\"@id\":\"https:\\\/\\\/ski.salla.fi\\\/#organization\",\"name\":\"Salla Ski Resort\",\"url\":\"https:\\\/\\\/ski.salla.fi\\\/\",\"logo\":{\"@type\":\"ImageObject\",\"inLanguage\":\"en-US\",\"@id\":\"https:\\\/\\\/ski.salla.fi\\\/#\\\/schema\\\/logo\\\/image\\\/\",\"url\":\"https:\\\/\\\/ski.salla.fi\\\/wp-content\\\/uploads\\\/2018\\\/12\\\/Salla_uusi_tumma.png\",\"contentUrl\":\"https:\\\/\\\/ski.salla.fi\\\/wp-content\\\/uploads\\\/2018\\\/12\\\/Salla_uusi_tumma.png\",\"width\":674,\"height\":363,\"caption\":\"Salla Ski Resort\"},\"image\":{\"@id\":\"https:\\\/\\\/ski.salla.fi\\\/#\\\/schema\\\/logo\\\/image\\\/\"},\"sameAs\":[\"https:\\\/\\\/www.facebook.com\\\/sallaskiresort\",\"https:\\\/\\\/www.instagram.com\\\/sallaskiresort\\\/\",\"https:\\\/\\\/www.youtube.com\\\/channel\\\/UCz94nt8pSDnQHFtCOdUGfrg\"]}]}<\/script>\n<!-- \/ Yoast SEO plugin. -->","yoast_head_json":{"title":"Events and weekly program - Salla Ski Resort","description":"Weekly challenges, just for fun Weekly races on season week 8, 9, 10 &amp; Easter: Tuesday: at 1 pm a playful sledding race for the whole family, on the","robots":{"index":"index","follow":"follow","max-snippet":"max-snippet:-1","max-image-preview":"max-image-preview:large","max-video-preview":"max-video-preview:-1"},"canonical":"https:\/\/ski.salla.fi\/en\/events-and-weekly-programme\/","og_locale":"en_US","og_type":"article","og_title":"Events and weekly program - Salla Ski Resort","og_description":"Weekly challenges, just for fun Weekly races on season week 8, 9, 10 &amp; Easter: Tuesday: at 1 pm a playful sledding race for the whole family, on the","og_url":"https:\/\/ski.salla.fi\/en\/events-and-weekly-programme\/","og_site_name":"Salla Ski Resort","article_publisher":"https:\/\/www.facebook.com\/sallaskiresort","article_modified_time":"2026-03-10T08:20:56+00:00","og_image":[{"width":1920,"height":560,"url":"https:\/\/ski.salla.fi\/wp-content\/uploads\/2017\/11\/ajankohtaista_sallassa.jpg","type":"image\/jpeg"}],"twitter_card":"summary_large_image","twitter_misc":{"Est. reading time":"2 minutes"},"schema":{"@context":"https:\/\/schema.org","@graph":[{"@type":"WebPage","@id":"https:\/\/ski.salla.fi\/en\/events-and-weekly-programme\/","url":"https:\/\/ski.salla.fi\/en\/events-and-weekly-programme\/","name":"Events and weekly program - Salla Ski Resort","isPartOf":{"@id":"https:\/\/ski.salla.fi\/#website"},"primaryImageOfPage":{"@id":"https:\/\/ski.salla.fi\/en\/events-and-weekly-programme\/#primaryimage"},"image":{"@id":"https:\/\/ski.salla.fi\/en\/events-and-weekly-programme\/#primaryimage"},"thumbnailUrl":"https:\/\/ski.salla.fi\/wp-content\/uploads\/2017\/11\/ajankohtaista_sallassa.jpg","datePublished":"2017-11-02T15:35:32+00:00","dateModified":"2026-03-10T08:20:56+00:00","description":"Weekly challenges, just for fun Weekly races on season week 8, 9, 10 &amp; Easter: Tuesday: at 1 pm a playful sledding race for the whole family, on the","breadcrumb":{"@id":"https:\/\/ski.salla.fi\/en\/events-and-weekly-programme\/#breadcrumb"},"inLanguage":"en-US","potentialAction":[{"@type":"ReadAction","target":["https:\/\/ski.salla.fi\/en\/events-and-weekly-programme\/"]}]},{"@type":"ImageObject","inLanguage":"en-US","@id":"https:\/\/ski.salla.fi\/en\/events-and-weekly-programme\/#primaryimage","url":"https:\/\/ski.salla.fi\/wp-content\/uploads\/2017\/11\/ajankohtaista_sallassa.jpg","contentUrl":"https:\/\/ski.salla.fi\/wp-content\/uploads\/2017\/11\/ajankohtaista_sallassa.jpg","width":1920,"height":560},{"@type":"BreadcrumbList","@id":"https:\/\/ski.salla.fi\/en\/events-and-weekly-programme\/#breadcrumb","itemListElement":[{"@type":"ListItem","position":1,"name":"Home","item":"https:\/\/ski.salla.fi\/en\/"},{"@type":"ListItem","position":2,"name":"Events and weekly program"}]},{"@type":"WebSite","@id":"https:\/\/ski.salla.fi\/#website","url":"https:\/\/ski.salla.fi\/","name":"Salla Ski Resort","description":"","publisher":{"@id":"https:\/\/ski.salla.fi\/#organization"},"potentialAction":[{"@type":"SearchAction","target":{"@type":"EntryPoint","urlTemplate":"https:\/\/ski.salla.fi\/?s={search_term_string}"},"query-input":{"@type":"PropertyValueSpecification","valueRequired":true,"valueName":"search_term_string"}}],"inLanguage":"en-US"},{"@type":"Organization","@id":"https:\/\/ski.salla.fi\/#organization","name":"Salla Ski Resort","url":"https:\/\/ski.salla.fi\/","logo":{"@type":"ImageObject","inLanguage":"en-US","@id":"https:\/\/ski.salla.fi\/#\/schema\/logo\/image\/","url":"https:\/\/ski.salla.fi\/wp-content\/uploads\/2018\/12\/Salla_uusi_tumma.png","contentUrl":"https:\/\/ski.salla.fi\/wp-content\/uploads\/2018\/12\/Salla_uusi_tumma.png","width":674,"height":363,"caption":"Salla Ski Resort"},"image":{"@id":"https:\/\/ski.salla.fi\/#\/schema\/logo\/image\/"},"sameAs":["https:\/\/www.facebook.com\/sallaskiresort","https:\/\/www.instagram.com\/sallaskiresort\/","https:\/\/www.youtube.com\/channel\/UCz94nt8pSDnQHFtCOdUGfrg"]}]}},"_links":{"self":[{"href":"https:\/\/ski.salla.fi\/en\/wp-json\/wp\/v2\/pages\/842","targetHints":{"allow":["GET"]}}],"collection":[{"href":"https:\/\/ski.salla.fi\/en\/wp-json\/wp\/v2\/pages"}],"about":[{"href":"https:\/\/ski.salla.fi\/en\/wp-json\/wp\/v2\/types\/page"}],"author":[{"embeddable":true,"href":"https:\/\/ski.salla.fi\/en\/wp-json\/wp\/v2\/users\/1"}],"replies":[{"embeddable":true,"href":"https:\/\/ski.salla.fi\/en\/wp-json\/wp\/v2\/comments?post=842"}],"version-history":[{"count":21,"href":"https:\/\/ski.salla.fi\/en\/wp-json\/wp\/v2\/pages\/842\/revisions"}],"predecessor-version":[{"id":7940,"href":"https:\/\/ski.salla.fi\/en\/wp-json\/wp\/v2\/pages\/842\/revisions\/7940"}],"wp:featuredmedia":[{"embeddable":true,"href":"https:\/\/ski.salla.fi\/en\/wp-json\/wp\/v2\/media\/708"}],"wp:attachment":[{"href":"https:\/\/ski.salla.fi\/en\/wp-json\/wp\/v2\/media?parent=842"}],"curies":[{"name":"wp","href":"https:\/\/api.w.org\/{rel}","templated":true}]}}